{"id":2340,"date":"2024-05-15T10:15:05","date_gmt":"2024-05-15T08:15:05","guid":{"rendered":"https:\/\/www.calallongamenorca.com\/?page_id=2340"},"modified":"2024-05-15T10:15:08","modified_gmt":"2024-05-15T08:15:08","slug":"trabajando-para-ti","status":"publish","type":"page","link":"https:\/\/www.calallongamenorca.com\/es\/trabajando-para-ti\/","title":{"rendered":"Trabajando para t\u00ed"},"content":{"rendered":"\t\t<div data-elementor-type=\"wp-page\" data-elementor-id=\"2340\" class=\"elementor elementor-2340\" data-elementor-settings=\"[]\">\n\t\t\t\t\t\t\t<div class=\"elementor-section-wrap\">\n\t\t\t\t\t\t\t<section class=\"elementor-section elementor-top-section elementor-element elementor-element-e3dd8c4 elementor-section-boxed elementor-section-height-default elementor-section-height-default\" data-id=\"e3dd8c4\" data-element_type=\"section\">\n\t\t\t\t\t\t<div class=\"elementor-container elementor-column-gap-default\">\n\t\t\t\t\t<div class=\"elementor-column elementor-col-33 elementor-top-column elementor-element elementor-element-a4a7eaf\" data-id=\"a4a7eaf\" data-element_type=\"column\">\n\t\t\t<div class=\"elementor-widget-wrap elementor-element-populated\">\n\t\t\t\t\t\t\t\t<div class=\"elementor-element elementor-element-107025e elementor-widget elementor-widget-image\" data-id=\"107025e\" data-element_type=\"widget\" data-widget_type=\"image.default\">\n\t\t\t\t<div class=\"elementor-widget-container\">\n\t\t\t\t\t\t\t\t\t\t\t\t\t\t\t<img width=\"1078\" height=\"1280\" src=\"https:\/\/www.calallongamenorca.com\/wp-content\/uploads\/2024\/05\/Design-and-production-of-community-signs-and-maps.jpg\" class=\"attachment-large size-large\" alt=\"\" loading=\"lazy\" srcset=\"https:\/\/www.calallongamenorca.com\/wp-content\/uploads\/2024\/05\/Design-and-production-of-community-signs-and-maps.jpg 1078w, https:\/\/www.calallongamenorca.com\/wp-content\/uploads\/2024\/05\/Design-and-production-of-community-signs-and-maps-768x912.jpg 768w\" sizes=\"(max-width: 1078px) 100vw, 1078px\" \/>\t\t\t\t\t\t\t\t\t\t\t\t\t\t\t<\/div>\n\t\t\t\t<\/div>\n\t\t\t\t<div class=\"elementor-element elementor-element-126271f elementor-widget elementor-widget-text-editor\" data-id=\"126271f\" data-element_type=\"widget\" data-widget_type=\"text-editor.default\">\n\t\t\t\t<div class=\"elementor-widget-container\">\n\t\t\t\t\t\t\t\t<h6 style=\"text-align: center;\">Se\u00f1ales y mapas de la comunidad.<\/h6>\t\t\t\t\t\t<\/div>\n\t\t\t\t<\/div>\n\t\t\t\t\t<\/div>\n\t\t<\/div>\n\t\t\t\t<div class=\"elementor-column elementor-col-33 elementor-top-column elementor-element elementor-element-391876f\" data-id=\"391876f\" data-element_type=\"column\">\n\t\t\t<div class=\"elementor-widget-wrap elementor-element-populated\">\n\t\t\t\t\t\t\t\t<div class=\"elementor-element elementor-element-c4c4f88 elementor-widget elementor-widget-image\" data-id=\"c4c4f88\" data-element_type=\"widget\" data-widget_type=\"image.default\">\n\t\t\t\t<div class=\"elementor-widget-container\">\n\t\t\t\t\t\t\t\t\t\t\t\t\t\t\t<img width=\"960\" height=\"1280\" src=\"https:\/\/www.calallongamenorca.com\/wp-content\/uploads\/2024\/05\/Cleaning-and-maintenance-of-Steps.jpg\" class=\"attachment-large size-large\" alt=\"\" loading=\"lazy\" srcset=\"https:\/\/www.calallongamenorca.com\/wp-content\/uploads\/2024\/05\/Cleaning-and-maintenance-of-Steps.jpg 960w, https:\/\/www.calallongamenorca.com\/wp-content\/uploads\/2024\/05\/Cleaning-and-maintenance-of-Steps-768x1024.jpg 768w\" sizes=\"(max-width: 960px) 100vw, 960px\" \/>\t\t\t\t\t\t\t\t\t\t\t\t\t\t\t<\/div>\n\t\t\t\t<\/div>\n\t\t\t\t<div class=\"elementor-element elementor-element-e42d1b5 elementor-widget elementor-widget-text-editor\" data-id=\"e42d1b5\" data-element_type=\"widget\" data-widget_type=\"text-editor.default\">\n\t\t\t\t<div class=\"elementor-widget-container\">\n\t\t\t\t\t\t\t\t<h6 style=\"text-align: center;\">Mantenimiento de escaleras.<\/h6>\t\t\t\t\t\t<\/div>\n\t\t\t\t<\/div>\n\t\t\t\t\t<\/div>\n\t\t<\/div>\n\t\t\t\t<div class=\"elementor-column elementor-col-33 elementor-top-column elementor-element elementor-element-56ab599\" data-id=\"56ab599\" data-element_type=\"column\">\n\t\t\t<div class=\"elementor-widget-wrap elementor-element-populated\">\n\t\t\t\t\t\t\t\t<div class=\"elementor-element elementor-element-0397923 elementor-widget elementor-widget-image\" data-id=\"0397923\" data-element_type=\"widget\" data-widget_type=\"image.default\">\n\t\t\t\t<div class=\"elementor-widget-container\">\n\t\t\t\t\t\t\t\t\t\t\t\t\t\t\t<img width=\"960\" height=\"1280\" src=\"https:\/\/www.calallongamenorca.com\/wp-content\/uploads\/2024\/05\/Pest-control-employment-of-Falconer-to-reduce-Seagulls-and-pigeons.jpg\" class=\"attachment-large size-large\" alt=\"\" loading=\"lazy\" srcset=\"https:\/\/www.calallongamenorca.com\/wp-content\/uploads\/2024\/05\/Pest-control-employment-of-Falconer-to-reduce-Seagulls-and-pigeons.jpg 960w, https:\/\/www.calallongamenorca.com\/wp-content\/uploads\/2024\/05\/Pest-control-employment-of-Falconer-to-reduce-Seagulls-and-pigeons-768x1024.jpg 768w\" sizes=\"(max-width: 960px) 100vw, 960px\" \/>\t\t\t\t\t\t\t\t\t\t\t\t\t\t\t<\/div>\n\t\t\t\t<\/div>\n\t\t\t\t<div class=\"elementor-element elementor-element-5863818 elementor-widget elementor-widget-text-editor\" data-id=\"5863818\" data-element_type=\"widget\" data-widget_type=\"text-editor.default\">\n\t\t\t\t<div class=\"elementor-widget-container\">\n\t\t\t\t\t\t\t\t<h6 style=\"text-align: center;\">Control de plagas.<\/h6>\t\t\t\t\t\t<\/div>\n\t\t\t\t<\/div>\n\t\t\t\t\t<\/div>\n\t\t<\/div>\n\t\t\t\t\t\t\t<\/div>\n\t\t<\/section>\n\t\t\t\t<section class=\"elementor-section elementor-top-section elementor-element elementor-element-b6e1c05 elementor-section-boxed elementor-section-height-default elementor-section-height-default\" data-id=\"b6e1c05\" data-element_type=\"section\">\n\t\t\t\t\t\t<div class=\"elementor-container elementor-column-gap-default\">\n\t\t\t\t\t<div class=\"elementor-column elementor-col-50 elementor-top-column elementor-element elementor-element-42a01db\" data-id=\"42a01db\" data-element_type=\"column\">\n\t\t\t<div class=\"elementor-widget-wrap elementor-element-populated\">\n\t\t\t\t\t\t\t\t<div class=\"elementor-element elementor-element-ba56a4c elementor-widget elementor-widget-image\" data-id=\"ba56a4c\" data-element_type=\"widget\" data-widget_type=\"image.default\">\n\t\t\t\t<div class=\"elementor-widget-container\">\n\t\t\t\t\t\t\t\t\t\t\t\t\t\t\t<img width=\"363\" height=\"504\" src=\"https:\/\/www.calallongamenorca.com\/wp-content\/uploads\/2024\/05\/Portada.png\" class=\"attachment-large size-large\" alt=\"\" loading=\"lazy\" \/>\t\t\t\t\t\t\t\t\t\t\t\t\t\t\t<\/div>\n\t\t\t\t<\/div>\n\t\t\t\t<div class=\"elementor-element elementor-element-ec517a7 elementor-widget elementor-widget-text-editor\" data-id=\"ec517a7\" data-element_type=\"widget\" data-widget_type=\"text-editor.default\">\n\t\t\t\t<div class=\"elementor-widget-container\">\n\t\t\t\t\t\t\t\t<h6 style=\"text-align: center;\">Manual de residentes de Cala Llonga.<\/h6>\t\t\t\t\t\t<\/div>\n\t\t\t\t<\/div>\n\t\t\t\t\t<\/div>\n\t\t<\/div>\n\t\t\t\t<div class=\"elementor-column elementor-col-50 elementor-top-column elementor-element elementor-element-b3e1a68\" data-id=\"b3e1a68\" data-element_type=\"column\">\n\t\t\t<div class=\"elementor-widget-wrap elementor-element-populated\">\n\t\t\t\t\t\t\t\t<div class=\"elementor-element elementor-element-be2c0d5 elementor-widget elementor-widget-image\" data-id=\"be2c0d5\" data-element_type=\"widget\" data-widget_type=\"image.default\">\n\t\t\t\t<div class=\"elementor-widget-container\">\n\t\t\t\t\t\t\t\t\t\t\t\t\t\t\t<img width=\"1280\" height=\"720\" src=\"https:\/\/www.calallongamenorca.com\/wp-content\/uploads\/2024\/05\/Raising-extra-funds-from-Sponsors.jpg\" class=\"attachment-large size-large\" alt=\"\" loading=\"lazy\" srcset=\"https:\/\/www.calallongamenorca.com\/wp-content\/uploads\/2024\/05\/Raising-extra-funds-from-Sponsors.jpg 1280w, https:\/\/www.calallongamenorca.com\/wp-content\/uploads\/2024\/05\/Raising-extra-funds-from-Sponsors-768x432.jpg 768w\" sizes=\"(max-width: 1280px) 100vw, 1280px\" \/>\t\t\t\t\t\t\t\t\t\t\t\t\t\t\t<\/div>\n\t\t\t\t<\/div>\n\t\t\t\t<div class=\"elementor-element elementor-element-8840736 elementor-widget elementor-widget-text-editor\" data-id=\"8840736\" data-element_type=\"widget\" data-widget_type=\"text-editor.default\">\n\t\t\t\t<div class=\"elementor-widget-container\">\n\t\t\t\t\t\t\t\t<h6 style=\"text-align: center;\">Recaudaci\u00f3n de fondos extra de patrocinadores.<\/h6>\t\t\t\t\t\t<\/div>\n\t\t\t\t<\/div>\n\t\t\t\t\t<\/div>\n\t\t<\/div>\n\t\t\t\t\t\t\t<\/div>\n\t\t<\/section>\n\t\t\t\t<section class=\"elementor-section elementor-top-section elementor-element elementor-element-13b8791 elementor-section-boxed elementor-section-height-default elementor-section-height-default\" data-id=\"13b8791\" data-element_type=\"section\">\n\t\t\t\t\t\t<div class=\"elementor-container elementor-column-gap-default\">\n\t\t\t\t\t<div class=\"elementor-column elementor-col-50 elementor-top-column elementor-element elementor-element-e95e90f\" data-id=\"e95e90f\" data-element_type=\"column\">\n\t\t\t<div class=\"elementor-widget-wrap elementor-element-populated\">\n\t\t\t\t\t\t\t\t<div class=\"elementor-element elementor-element-cc960a6 elementor-widget elementor-widget-image\" data-id=\"cc960a6\" data-element_type=\"widget\" data-widget_type=\"image.default\">\n\t\t\t\t<div class=\"elementor-widget-container\">\n\t\t\t\t\t\t\t\t\t\t\t\t\t\t\t<img width=\"1024\" height=\"768\" src=\"https:\/\/www.calallongamenorca.com\/wp-content\/uploads\/2024\/05\/Reduction-of-fire-risk-Creating-a-fire-break-on-perimeter-road.jpg\" class=\"attachment-large size-large\" alt=\"\" loading=\"lazy\" srcset=\"https:\/\/www.calallongamenorca.com\/wp-content\/uploads\/2024\/05\/Reduction-of-fire-risk-Creating-a-fire-break-on-perimeter-road.jpg 1024w, https:\/\/www.calallongamenorca.com\/wp-content\/uploads\/2024\/05\/Reduction-of-fire-risk-Creating-a-fire-break-on-perimeter-road-768x576.jpg 768w\" sizes=\"(max-width: 1024px) 100vw, 1024px\" \/>\t\t\t\t\t\t\t\t\t\t\t\t\t\t\t<\/div>\n\t\t\t\t<\/div>\n\t\t\t\t<div class=\"elementor-element elementor-element-04e7204 elementor-widget elementor-widget-text-editor\" data-id=\"04e7204\" data-element_type=\"widget\" data-widget_type=\"text-editor.default\">\n\t\t\t\t<div class=\"elementor-widget-container\">\n\t\t\t\t\t\t\t\t<h6 style=\"text-align: center;\">Creaci\u00f3n de un cortafuegos en la carretera.<\/h6>\t\t\t\t\t\t<\/div>\n\t\t\t\t<\/div>\n\t\t\t\t\t<\/div>\n\t\t<\/div>\n\t\t\t\t<div class=\"elementor-column elementor-col-50 elementor-top-column elementor-element elementor-element-4135991\" data-id=\"4135991\" data-element_type=\"column\">\n\t\t\t<div class=\"elementor-widget-wrap elementor-element-populated\">\n\t\t\t\t\t\t\t\t<div class=\"elementor-element elementor-element-bef17df elementor-widget elementor-widget-image\" data-id=\"bef17df\" data-element_type=\"widget\" data-widget_type=\"image.default\">\n\t\t\t\t<div class=\"elementor-widget-container\">\n\t\t\t\t\t\t\t\t\t\t\t\t\t\t\t<img width=\"1920\" height=\"1440\" src=\"https:\/\/www.calallongamenorca.com\/wp-content\/uploads\/2024\/05\/WhatsApp-Image-2024-01-29-at-17.57.11.jpeg\" class=\"attachment-large size-large\" alt=\"\" loading=\"lazy\" srcset=\"https:\/\/www.calallongamenorca.com\/wp-content\/uploads\/2024\/05\/WhatsApp-Image-2024-01-29-at-17.57.11.jpeg 1920w, https:\/\/www.calallongamenorca.com\/wp-content\/uploads\/2024\/05\/WhatsApp-Image-2024-01-29-at-17.57.11-768x576.jpeg 768w, https:\/\/www.calallongamenorca.com\/wp-content\/uploads\/2024\/05\/WhatsApp-Image-2024-01-29-at-17.57.11-1536x1152.jpeg 1536w\" sizes=\"(max-width: 1920px) 100vw, 1920px\" \/>\t\t\t\t\t\t\t\t\t\t\t\t\t\t\t<\/div>\n\t\t\t\t<\/div>\n\t\t\t\t<div class=\"elementor-element elementor-element-3ed64f8 elementor-widget elementor-widget-text-editor\" data-id=\"3ed64f8\" data-element_type=\"widget\" data-widget_type=\"text-editor.default\">\n\t\t\t\t<div class=\"elementor-widget-container\">\n\t\t\t\t\t\t\t\t<h6 style=\"text-align: center;\">Reducir el tiempo de incendio limpiando los barrancos.<\/h6>\t\t\t\t\t\t<\/div>\n\t\t\t\t<\/div>\n\t\t\t\t\t<\/div>\n\t\t<\/div>\n\t\t\t\t\t\t\t<\/div>\n\t\t<\/section>\n\t\t\t\t<section class=\"elementor-section elementor-top-section elementor-element elementor-element-3bafd37 elementor-section-boxed elementor-section-height-default elementor-section-height-default\" data-id=\"3bafd37\" data-element_type=\"section\">\n\t\t\t\t\t\t<div class=\"elementor-container elementor-column-gap-default\">\n\t\t\t\t\t<div class=\"elementor-column elementor-col-100 elementor-top-column elementor-element elementor-element-29b5c05\" data-id=\"29b5c05\" data-element_type=\"column\">\n\t\t\t<div class=\"elementor-widget-wrap elementor-element-populated\">\n\t\t\t\t\t\t\t\t<div class=\"elementor-element elementor-element-4ef057b elementor-widget elementor-widget-image\" data-id=\"4ef057b\" data-element_type=\"widget\" data-widget_type=\"image.default\">\n\t\t\t\t<div class=\"elementor-widget-container\">\n\t\t\t\t\t\t\t\t\t\t\t\t\t\t\t<img width=\"1280\" height=\"960\" src=\"https:\/\/www.calallongamenorca.com\/wp-content\/uploads\/2024\/05\/Maintenance-of-Public-Areas-and-gardens.jpg\" class=\"attachment-large size-large\" alt=\"\" loading=\"lazy\" srcset=\"https:\/\/www.calallongamenorca.com\/wp-content\/uploads\/2024\/05\/Maintenance-of-Public-Areas-and-gardens.jpg 1280w, https:\/\/www.calallongamenorca.com\/wp-content\/uploads\/2024\/05\/Maintenance-of-Public-Areas-and-gardens-768x576.jpg 768w\" sizes=\"(max-width: 1280px) 100vw, 1280px\" \/>\t\t\t\t\t\t\t\t\t\t\t\t\t\t\t<\/div>\n\t\t\t\t<\/div>\n\t\t\t\t<div class=\"elementor-element elementor-element-9b277ed elementor-widget elementor-widget-text-editor\" data-id=\"9b277ed\" data-element_type=\"widget\" data-widget_type=\"text-editor.default\">\n\t\t\t\t<div class=\"elementor-widget-container\">\n\t\t\t\t\t\t\t\t<h6 style=\"text-align: center;\">Mantenimiento de \u00c1reas P\u00fablicas y jardines.<\/h6>\t\t\t\t\t\t<\/div>\n\t\t\t\t<\/div>\n\t\t\t\t\t<\/div>\n\t\t<\/div>\n\t\t\t\t\t\t\t<\/div>\n\t\t<\/section>\n\t\t\t\t<section class=\"elementor-section elementor-top-section elementor-element elementor-element-bd6fa87 elementor-section-boxed elementor-section-height-default elementor-section-height-default\" data-id=\"bd6fa87\" data-element_type=\"section\">\n\t\t\t\t\t\t<div class=\"elementor-container elementor-column-gap-default\">\n\t\t\t\t\t<div class=\"elementor-column elementor-col-50 elementor-top-column elementor-element elementor-element-a1460d5\" data-id=\"a1460d5\" data-element_type=\"column\">\n\t\t\t<div class=\"elementor-widget-wrap elementor-element-populated\">\n\t\t\t\t\t\t\t\t<div class=\"elementor-element elementor-element-51e1049 elementor-widget elementor-widget-image\" data-id=\"51e1049\" data-element_type=\"widget\" data-widget_type=\"image.default\">\n\t\t\t\t<div class=\"elementor-widget-container\">\n\t\t\t\t\t\t\t\t\t\t\t\t\t\t\t<img width=\"373\" height=\"506\" src=\"https:\/\/www.calallongamenorca.com\/wp-content\/uploads\/2024\/05\/Cartell.png\" class=\"attachment-large size-large\" alt=\"\" loading=\"lazy\" \/>\t\t\t\t\t\t\t\t\t\t\t\t\t\t\t<\/div>\n\t\t\t\t<\/div>\n\t\t\t\t<div class=\"elementor-element elementor-element-f982ac1 elementor-widget elementor-widget-text-editor\" data-id=\"f982ac1\" data-element_type=\"widget\" data-widget_type=\"text-editor.default\">\n\t\t\t\t<div class=\"elementor-widget-container\">\n\t\t\t\t\t\t\t\t<h6 style=\"text-align: center;\">Organizaci\u00f3n de eventos sociales.<\/h6>\t\t\t\t\t\t<\/div>\n\t\t\t\t<\/div>\n\t\t\t\t\t<\/div>\n\t\t<\/div>\n\t\t\t\t<div class=\"elementor-column elementor-col-50 elementor-top-column elementor-element elementor-element-eaadfa8\" data-id=\"eaadfa8\" data-element_type=\"column\">\n\t\t\t<div class=\"elementor-widget-wrap elementor-element-populated\">\n\t\t\t\t\t\t\t\t<div class=\"elementor-element elementor-element-b139b54 elementor-widget elementor-widget-image\" data-id=\"b139b54\" data-element_type=\"widget\" data-widget_type=\"image.default\">\n\t\t\t\t<div class=\"elementor-widget-container\">\n\t\t\t\t\t\t\t\t\t\t\t\t\t\t\t<img width=\"960\" height=\"1280\" src=\"https:\/\/www.calallongamenorca.com\/wp-content\/uploads\/2024\/05\/Reduction-of-Cala-Llonga-Speed-limit-to-30-kmph.jpg\" class=\"attachment-large size-large\" alt=\"\" loading=\"lazy\" srcset=\"https:\/\/www.calallongamenorca.com\/wp-content\/uploads\/2024\/05\/Reduction-of-Cala-Llonga-Speed-limit-to-30-kmph.jpg 960w, https:\/\/www.calallongamenorca.com\/wp-content\/uploads\/2024\/05\/Reduction-of-Cala-Llonga-Speed-limit-to-30-kmph-768x1024.jpg 768w\" sizes=\"(max-width: 960px) 100vw, 960px\" \/>\t\t\t\t\t\t\t\t\t\t\t\t\t\t\t<\/div>\n\t\t\t\t<\/div>\n\t\t\t\t<div class=\"elementor-element elementor-element-802f490 elementor-widget elementor-widget-text-editor\" data-id=\"802f490\" data-element_type=\"widget\" data-widget_type=\"text-editor.default\">\n\t\t\t\t<div class=\"elementor-widget-container\">\n\t\t\t\t\t\t\t\t<h6 style=\"text-align: center;\">Reducci\u00f3n del l\u00edmite de velocidad a 30 km\/h.<\/h6>\t\t\t\t\t\t<\/div>\n\t\t\t\t<\/div>\n\t\t\t\t\t<\/div>\n\t\t<\/div>\n\t\t\t\t\t\t\t<\/div>\n\t\t<\/section>\n\t\t\t\t<section class=\"elementor-section elementor-top-section elementor-element elementor-element-51e2120 elementor-section-boxed elementor-section-height-default elementor-section-height-default\" data-id=\"51e2120\" data-element_type=\"section\">\n\t\t\t\t\t\t<div class=\"elementor-container elementor-column-gap-default\">\n\t\t\t\t\t<div class=\"elementor-column elementor-col-33 elementor-top-column elementor-element elementor-element-7c848a8\" data-id=\"7c848a8\" data-element_type=\"column\">\n\t\t\t<div class=\"elementor-widget-wrap elementor-element-populated\">\n\t\t\t\t\t\t\t\t<div class=\"elementor-element elementor-element-5886fae elementor-widget elementor-widget-image\" data-id=\"5886fae\" data-element_type=\"widget\" data-widget_type=\"image.default\">\n\t\t\t\t<div class=\"elementor-widget-container\">\n\t\t\t\t\t\t\t\t\t\t\t\t\t\t\t<img width=\"768\" height=\"1024\" src=\"https:\/\/www.calallongamenorca.com\/wp-content\/uploads\/2024\/05\/Surveillance-and-reporting-of-damaged-lighting.jpg\" class=\"attachment-large size-large\" alt=\"\" loading=\"lazy\" \/>\t\t\t\t\t\t\t\t\t\t\t\t\t\t\t<\/div>\n\t\t\t\t<\/div>\n\t\t\t\t<div class=\"elementor-element elementor-element-f062c9a elementor-widget elementor-widget-text-editor\" data-id=\"f062c9a\" data-element_type=\"widget\" data-widget_type=\"text-editor.default\">\n\t\t\t\t<div class=\"elementor-widget-container\">\n\t\t\t\t\t\t\t\t<h6 style=\"text-align: center;\">Reporte de iluminaci\u00f3n da\u00f1ada.<\/h6>\t\t\t\t\t\t<\/div>\n\t\t\t\t<\/div>\n\t\t\t\t\t<\/div>\n\t\t<\/div>\n\t\t\t\t<div class=\"elementor-column elementor-col-33 elementor-top-column elementor-element elementor-element-9ba1626\" data-id=\"9ba1626\" data-element_type=\"column\">\n\t\t\t<div class=\"elementor-widget-wrap elementor-element-populated\">\n\t\t\t\t\t\t\t\t<div class=\"elementor-element elementor-element-3f2a9ea elementor-widget elementor-widget-image\" data-id=\"3f2a9ea\" data-element_type=\"widget\" data-widget_type=\"image.default\">\n\t\t\t\t<div class=\"elementor-widget-container\">\n\t\t\t\t\t\t\t\t\t\t\t\t\t\t\t<img width=\"960\" height=\"1280\" src=\"https:\/\/www.calallongamenorca.com\/wp-content\/uploads\/2024\/05\/Working-with-Town-Hall-to-upgrade-lighting-with-low-light-pollution-LED-lights.jpg\" class=\"attachment-large size-large\" alt=\"\" loading=\"lazy\" srcset=\"https:\/\/www.calallongamenorca.com\/wp-content\/uploads\/2024\/05\/Working-with-Town-Hall-to-upgrade-lighting-with-low-light-pollution-LED-lights.jpg 960w, https:\/\/www.calallongamenorca.com\/wp-content\/uploads\/2024\/05\/Working-with-Town-Hall-to-upgrade-lighting-with-low-light-pollution-LED-lights-768x1024.jpg 768w\" sizes=\"(max-width: 960px) 100vw, 960px\" \/>\t\t\t\t\t\t\t\t\t\t\t\t\t\t\t<\/div>\n\t\t\t\t<\/div>\n\t\t\t\t<div class=\"elementor-element elementor-element-4186d9c elementor-widget elementor-widget-text-editor\" data-id=\"4186d9c\" data-element_type=\"widget\" data-widget_type=\"text-editor.default\">\n\t\t\t\t<div class=\"elementor-widget-container\">\n\t\t\t\t\t\t\t\t<h6 style=\"text-align: center;\">Mejora de luces LED de baja contaminaci\u00f3n.<\/h6>\t\t\t\t\t\t<\/div>\n\t\t\t\t<\/div>\n\t\t\t\t\t<\/div>\n\t\t<\/div>\n\t\t\t\t<div class=\"elementor-column elementor-col-33 elementor-top-column elementor-element elementor-element-b59e9d9\" data-id=\"b59e9d9\" data-element_type=\"column\">\n\t\t\t<div class=\"elementor-widget-wrap elementor-element-populated\">\n\t\t\t\t\t\t\t\t<div class=\"elementor-element elementor-element-cd5de07 elementor-widget elementor-widget-image\" data-id=\"cd5de07\" data-element_type=\"widget\" data-widget_type=\"image.default\">\n\t\t\t\t<div class=\"elementor-widget-container\">\n\t\t\t\t\t\t\t\t\t\t\t\t\t\t\t<img width=\"960\" height=\"1280\" src=\"https:\/\/www.calallongamenorca.com\/wp-content\/uploads\/2024\/05\/Reporting-and-vigilance-on-rubbish-dumping.jpg\" class=\"attachment-large size-large\" alt=\"\" loading=\"lazy\" srcset=\"https:\/\/www.calallongamenorca.com\/wp-content\/uploads\/2024\/05\/Reporting-and-vigilance-on-rubbish-dumping.jpg 960w, https:\/\/www.calallongamenorca.com\/wp-content\/uploads\/2024\/05\/Reporting-and-vigilance-on-rubbish-dumping-768x1024.jpg 768w\" sizes=\"(max-width: 960px) 100vw, 960px\" \/>\t\t\t\t\t\t\t\t\t\t\t\t\t\t\t<\/div>\n\t\t\t\t<\/div>\n\t\t\t\t<div class=\"elementor-element elementor-element-a3ab38f elementor-widget elementor-widget-text-editor\" data-id=\"a3ab38f\" data-element_type=\"widget\" data-widget_type=\"text-editor.default\">\n\t\t\t\t<div class=\"elementor-widget-container\">\n\t\t\t\t\t\t\t\t<h6 style=\"text-align: center;\">Vigilancia en el vertido de basura.<\/h6>\t\t\t\t\t\t<\/div>\n\t\t\t\t<\/div>\n\t\t\t\t\t<\/div>\n\t\t<\/div>\n\t\t\t\t\t\t\t<\/div>\n\t\t<\/section>\n\t\t\t\t\t\t<\/div>\n\t\t\t\t\t<\/div>\n\t\t","protected":false},"excerpt":{"rendered":"<p>Se\u00f1ales y mapas de la comunidad. Mantenimiento de escaleras. Control de plagas. Manual de residentes de Cala Llonga. Recaudaci\u00f3n de fondos extra de patrocinadores. Creaci\u00f3n de un cortafuegos en la carretera. Reducir el tiempo de incendio limpiando los barrancos. Mantenimiento de \u00c1reas P\u00fablicas y jardines. Organizaci\u00f3n de eventos sociales. Reducci\u00f3n del l\u00edmite de velocidad a<a href=\"https:\/\/www.calallongamenorca.com\/es\/trabajando-para-ti\/\" rel=\"nofollow\">  [+]<\/a><\/p>\n","protected":false},"author":6444,"featured_media":0,"parent":0,"menu_order":0,"comment_status":"closed","ping_status":"closed","template":"","meta":{"_genesis_hide_title":false,"_genesis_hide_breadcrumbs":false,"_genesis_hide_singular_image":false,"_genesis_hide_footer_widgets":false,"_genesis_custom_body_class":"","_genesis_custom_post_class":"","_genesis_layout":""},"_links":{"self":[{"href":"https:\/\/www.calallongamenorca.com\/es\/wp-json\/wp\/v2\/pages\/2340"}],"collection":[{"href":"https:\/\/www.calallongamenorca.com\/es\/wp-json\/wp\/v2\/pages"}],"about":[{"href":"https:\/\/www.calallongamenorca.com\/es\/wp-json\/wp\/v2\/types\/page"}],"author":[{"embeddable":true,"href":"https:\/\/www.calallongamenorca.com\/es\/wp-json\/wp\/v2\/users\/6444"}],"replies":[{"embeddable":true,"href":"https:\/\/www.calallongamenorca.com\/es\/wp-json\/wp\/v2\/comments?post=2340"}],"version-history":[{"count":8,"href":"https:\/\/www.calallongamenorca.com\/es\/wp-json\/wp\/v2\/pages\/2340\/revisions"}],"predecessor-version":[{"id":2374,"href":"https:\/\/www.calallongamenorca.com\/es\/wp-json\/wp\/v2\/pages\/2340\/revisions\/2374"}],"wp:attachment":[{"href":"https:\/\/www.calallongamenorca.com\/es\/wp-json\/wp\/v2\/media?parent=2340"}],"curies":[{"name":"wp","href":"https:\/\/api.w.org\/{rel}","templated":true}]}}