{"id":357,"date":"2015-05-20T07:11:31","date_gmt":"2015-05-20T05:11:31","guid":{"rendered":"\/regulations-2\/"},"modified":"2021-07-13T13:31:05","modified_gmt":"2021-07-13T11:31:05","slug":"regulaciones","status":"publish","type":"page","link":"https:\/\/www.calallongamenorca.com\/es\/regulaciones\/","title":{"rendered":"Normativa de construcci\u00f3n y recogida de basura &#8211;  Actualizado"},"content":{"rendered":"<p><strong>Noticia importante:<\/strong> La informaci\u00f3n que contiene este art\u00edculo fue actualizada por \u00faltima vez el 4 de Julio de 2016.<\/p>\r\n\r\n<div class=\"one-half\">\r\n\r\n<h2>NORMATIVA DE RECOGIDA DE BASURA<\/h2>\r\n<p>A partir del 29\/4\/13, los restos de jardiner\u00eda que se encuentren en su jard\u00edn privado pueden ser recogidos a domicilio con cita previa.<\/p>\r\n\r\n<p>Electrodom\u00e9sticos y otros art\u00edculos del hogar (lavadoras, unidades de aire acondicionado, antenas parab\u00f3licas, muebles de jard\u00edn, etc.) NO deben dejarse en los contenedores de basura. Puede llamar al mismo n\u00famero de tel\u00e9fono que se utiliza para la recogida de restos de jardiner\u00eda para concertar la recogida de electrodom\u00e9sticos en un d\u00eda espec\u00edfico.<\/p>\r\n\r\n<p>No deje nada en el antiguo contenedor detr\u00e1s del supermercado, ahora es \u00fanicamente para las \u00e1reas comunes de Cala Llonga.<\/p>\r\n\r\n<p>Llame al <strong><a href=\"tel:971361963\">971 36 19 63<\/a><\/strong> para concretar la recogida.<\/p>\r\n\r\n<p>Todos los jardineros profesionales deben llevar los restos de jardiner\u00eda de sus clientes al vertedero de Mah\u00f3n o al de Mil\u00e0.<\/p>\r\n\r\n<p>Dejar basura en cualquier otro lugar no autorizado ser\u00e1 multado con hasta 600\u20ac<\/p>\r\n\r\n<h2>FOSAS S\u00c9PTICAS Y VACIADO DE PISCINAS<\/h2>\r\n<p>Es muy importante para todos nosotros asegurar que nuestras fosas s\u00e9pticas sean eficientes, ya que frecuentemente causan condiciones desagradables no s\u00f3lo para usted, sino tambi\u00e9n para sus vecinos y para las calles y aceras. Si ve algo que le preocupe, por favor den\u00fancielo a la polic\u00eda.<\/p>\r\n\r\n<p>Tambi\u00e9n nos gustar\u00eda aprovechar esta oportunidad para recordarles que no est\u00e1 permitido vaciar sus piscinas en la v\u00eda p\u00fablica. Esto debe ser reconducido a su propia fosa s\u00e9ptica o reciclado para regar su jard\u00edn.<\/p>\r\n\r\n<h2>PERROS RUIDOSOS O DESCUIDADOS<\/h2>\r\n<p>Esto es un constante dilema. Si un perro est\u00e1 ladrando demasiado a horas intempestivas, por favor den\u00fancielo a la polic\u00eda. Cualquier negligencia o crueldad hacia animales tambi\u00e9n puede ser denunciada:<\/p>\r\n\r\n<img loading=\"lazy\" class=\"alignleft size-full wp-image-630\" src=\"\/wp-content\/uploads\/2015\/05\/protectora-animals-mahon-menorca.jpg\" alt=\"protectora-animals-mahon-menorca\" width=\"160\" height=\"160\" \/>\r\n\r\n<h6><strong>Protectora d&#8217;Animals de Ma\u00f3<\/strong><\/h6>\r\n\r\n<p>Josep Maria Quadrado, 10<br>\r\n07700 &#8211; Ma\u00f3 (Menorca)<br>\r\nIlles Balears<br>\r\nEspa\u00f1a<br>\r\nTel\u00e9fono: +34 699 20 28 98<br>\r\nEmail: protectoramao@gmail.com<\/p>\r\n<br>\r\n\r\n<h2>GATOS PERDIDOS EN CALA LLONGA<\/h2>\r\n<p>Esto se est\u00e1 convirtiendo en un problema para muchos vecinos, ya que se han formado colonias y est\u00e1n siendo alimentadas por personas.<\/p>\r\n\r\n<h2>NORMATIVA DE CONSTRUCCI\u00d3N<\/h2>\r\n\r\n<h3>Normas especificas para obras, edificaciones y trabajos en la v\u00eda p\u00fablica <\/h3>\r\n\r\n<p>Condiciones generales aplicables a obras, edificaciones y trabajos en la v\u00eda p\u00fablica:<\/p>\r\n\r\n<ul>\r\n<li>Las personas responsables de las obras, las edificaciones y los trabajos en la v\u00eda p\u00fablica, con el fin de minimizar las molestias, deben adoptar las medidas adecuadas para reducir los niveles sonoros y de vibraciones de \u00e9stos y de las m\u00e1quinas auxiliares que utilicen. A tal efecto, entre otras medidas, pueden instalar silenciadores ac\u00fasticos o bancadas amortiguadoras de vibraciones, o cerrar la fuente sonora o ubicarla en el interior de la estructura en construcci\u00f3n. una vez que el estado de la obra lo permita.<\/li>\r\n<li>Los equipos y las m\u00e1quinas susceptibles de producir ruidos y vibraciones empleados en las obras, las edificaciones y los trabajos en la v\u00eda p\u00fablica deben cumplir lo que establece la normativa sectorial aplicable, y las m\u00e1quinas de uso al aire libre en particular, las prescripciones del Real Decreto 212\/2002, de 22 de febrero, por el cual se regulan las emisiones sonoras en el entorno debidas a determinadas m\u00e1quinas de uso al aire libre, o la norma que lo sustituya. En cualquier caso, los sistemas o equipos complementarios que se utilicen deben ser los m\u00e1s adecuados para reducir la contaminaci\u00f3n ac\u00fastica.<\/li>\r\n<li>Los horarios habituales, que podr\u00e1n ser modificados por el Ayuntamiento en cada caso, en atenci\u00f3n a circunstancias especiales, ser\u00e1n:\r\n<ul>\r\n<li>Trabajos con maquinaria pesada para excavaciones (excavadoras, compresores, etc.). Horario habitual: De 8.00 a 13.00 horas y de 15.00 a 18.00 horas, excepto los meses de mayo a octubre, con un horario reducido para minimizar las molestias al vecindario, \u00fanicamente de 8.00 a 14.00 horas (se except\u00faa la aplicaci\u00f3n de la restricci\u00f3n a zonas industriales, rurales o que no tengan ninguna incidencia sobre viviendas).<\/li>\r\n<li>Trabajos de construcci\u00f3n habituales, de car\u00e1cter menos ruidoso (acabados de obra, etc.).\r\n<ul>\r\n<li>Horario habitual: De 8.00 a 13.00 horas y de 15.00 a 18.00 horas.<\/li>\r\n<li>Con cumplimiento de las condiciones de emisi\u00f3n e inmisi\u00f3n de ruidos establecidas para la zona en cuesti\u00f3n.<\/li>\r\n<li>Implantaci\u00f3n de medidas correctoras para cumplir con las emisiones, con disposici\u00f3n de recinto aislado ac\u00fasticamente, para llevar a cabo tareas propias de la obra que generen ruidos.<\/li>\r\n<\/ul>\r\n<\/li>\r\n<li>Prohibici\u00f3n total de cualquier trabajo que produzca ruidos superiores a los permitidos por estas normas, fuera de los horarios indicados y en d\u00edas festivos.<\/li>\r\n<\/ul>\r\n<\/li>\r\n<p>Se except\u00faan de las prohibiciones establecidas, de trabajo en horas nocturnas, las obras urgentes por razones de necesidad o peligro, o aquellas que, por sus inconveniencias, no puedan realizarse de d\u00eda. El trabajo nocturno debe autorizarlo expresamente la autoridad municipal, qui\u00e9n debe determinar los l\u00edmites sonoros que deben cumplirse.\r\n<\/p>\r\n<li>En las obras p\u00fablicas y en la construcci\u00f3n deben usarse las m\u00e1quinas y los equipos t\u00e9cnicamente menos ruidosos, de la manera m\u00e1s adecuada para generar la menor contaminaci\u00f3n ac\u00fastica posible. Concretamente:\r\n<ul>\r\n<li>Los generadores el\u00e9ctricos que se instalen en la v\u00eda p\u00fablica deben tener una potencia sonora de 90 dB PWL, como m\u00e1ximo, con un espectro sin componentes tonales emergentes. En el supuesto de que la obra se prolongue m\u00e1s de un mes, deben sustituirse por acometida el\u00e9ctrica, excepto que la obra sea en una urbanizaci\u00f3n o que haya un informe desfavorable del distribuidor el\u00e9ctrico de la zona.<\/li>\r\n<li>Los motores de combusti\u00f3n deben estar equipados con silenciadores de gases de escape y sistemas amortiguadores de ruido y vibraciones.<\/li>\r\n<li>Los motores de las m\u00e1quinas deben estar parados cuando estas no se utilicen.<\/li>\r\n<\/ul>\r\n<\/li>\r\n<\/ul>\r\n\r\n<h3>AYUNTAMIENTO<\/h3>\r\n<p>Cualquier actividad de construcci\u00f3n fuera de las horas establecidas no est\u00e1 permitida, excepto los trabajos urgentes o peligrosos en posesi\u00f3n de una licencia especial del Ayuntamiento.<\/p>\r\n<p>Por favor, denuncie cualquier incumplimiento del reglamento anterior directamente a la POLIC\u00cdA LOCAL 971 36 39 61.<\/p>\r\n\r\n<\/div>\r\n<div class=\"one-half\"><img loading=\"lazy\" class=\"aligncenter size-full wp-image-392\" src=\"\/wp-content\/uploads\/2015\/05\/rubbish-regulations-cala-llonga.png\" alt=\"rubbish-regulations-cala-llonga\" width=\"500\" height=\"403\" \/><\/div>","protected":false},"excerpt":{"rendered":"<p>Noticia importante: La informaci\u00f3n que contiene este art\u00edculo fue actualizada por \u00faltima vez el 4 de Julio de 2016. NORMATIVA DE RECOGIDA DE BASURA A partir del 29\/4\/13, los restos de jardiner\u00eda que se encuentren en su jard\u00edn privado pueden ser recogidos a domicilio con cita previa. Electrodom\u00e9sticos y otros art\u00edculos del hogar (lavadoras, unidades<a href=\"https:\/\/www.calallongamenorca.com\/es\/regulaciones\/\" rel=\"nofollow\">  [+]<\/a><\/p>\n","protected":false},"author":1,"featured_media":0,"parent":0,"menu_order":0,"comment_status":"closed","ping_status":"closed","template":"","meta":{"_genesis_hide_title":false,"_genesis_hide_breadcrumbs":false,"_genesis_hide_singular_image":false,"_genesis_hide_footer_widgets":false,"_genesis_custom_body_class":"","_genesis_custom_post_class":"","_genesis_layout":"full-width-content"},"_links":{"self":[{"href":"https:\/\/www.calallongamenorca.com\/es\/wp-json\/wp\/v2\/pages\/357"}],"collection":[{"href":"https:\/\/www.calallongamenorca.com\/es\/wp-json\/wp\/v2\/pages"}],"about":[{"href":"https:\/\/www.calallongamenorca.com\/es\/wp-json\/wp\/v2\/types\/page"}],"author":[{"embeddable":true,"href":"https:\/\/www.calallongamenorca.com\/es\/wp-json\/wp\/v2\/users\/1"}],"replies":[{"embeddable":true,"href":"https:\/\/www.calallongamenorca.com\/es\/wp-json\/wp\/v2\/comments?post=357"}],"version-history":[{"count":17,"href":"https:\/\/www.calallongamenorca.com\/es\/wp-json\/wp\/v2\/pages\/357\/revisions"}],"predecessor-version":[{"id":1610,"href":"https:\/\/www.calallongamenorca.com\/es\/wp-json\/wp\/v2\/pages\/357\/revisions\/1610"}],"wp:attachment":[{"href":"https:\/\/www.calallongamenorca.com\/es\/wp-json\/wp\/v2\/media?parent=357"}],"curies":[{"name":"wp","href":"https:\/\/api.w.org\/{rel}","templated":true}]}}