{"id":401,"date":"2015-05-19T16:25:52","date_gmt":"2015-05-19T14:25:52","guid":{"rendered":"\/?page_id=401"},"modified":"2019-03-27T13:54:25","modified_gmt":"2019-03-27T12:54:25","slug":"informacion-de-la-isla","status":"publish","type":"page","link":"https:\/\/www.calallongamenorca.com\/es\/informacion-de-la-isla\/","title":{"rendered":"Informaci\u00f3n de la isla"},"content":{"rendered":"<div class=\"one-half\">\r\n<strong>\u00a0<\/strong>\r\n\r\n<h6><strong>Bancos<\/strong><\/h6>\r\n\r\n<p>Abiertos de lunes a viernes, 8.15 a 14.00h<\/p>\r\n\r\n<strong>\u00a0<\/strong>\r\n\r\n<h6><strong>Consulados<\/strong><\/h6>\r\n\r\n<p>Gran Breta\u00f1a e Irlarda del Norte,\u00a0tel\u00a0<a href=\"tel:902%20109 356\">902 109 356<\/a><\/p>\r\n\r\n<p>Menorca hon. Consulado.- \u00a0Cam\u00ed Biniatap 30, Horizonte-Son Vilar, tel\u00a0<a href=\"tel:902%20109 356\">902 109 356<\/a><\/p>\r\n\r\n<p>Alemania\u00a0&#8211; Carrer Sant Andreu, Ma\u00f3, tel\u00a0<a href=\"tel:971%2036 16 68\">971 36 16 68<\/a><\/p>\r\n\r\n<p>La mayor\u00eda de las otras naciones tienen sus consulados en Palma o Barcelona<\/p>\r\n\r\n<strong>\u00a0<\/strong>\r\n\r\n<h6><strong>Correos<\/strong><\/h6>\r\n\r\n<p>Oficina de Correus a\u00a0\u00a0Ma\u00f3, Carrer Bon Aire,\u00a0\u00a015, tel\u00a0<a href=\"tel:971%2035 66 29\">971 35 66 29<\/a>, abierto de lunes a viernes de 8.30 a 20.30h, s\u00e1bados de 9.30 to 14h.<\/p>\r\n\r\n<strong>\u00a0<\/strong>\r\n\r\n<h6><strong>Emergencias<\/strong><\/h6>\r\n\r\n<p>Tel\u00a0<a href=\"tel:112\">112<\/a>, servicio 24 horas en\u00a04 idiomas: castellano, catal\u00e1n, ingl\u00e9s i aleman. Tiene cobertura de policia, ambulancia, bomberos, incendios, violencia dom\u00e9stica.<\/p>\r\n\r\n<p>Tel\u00a0<a href=\"tel:016\">016<\/a>, rescates en el mar\u00a0, tel\u00a0<a href=\"tel:900%20202 202\">900 202 202<\/a><\/p>\r\n\r\n<strong>\u00a0<\/strong>\r\n\r\n<h6><strong>Farmacias<\/strong><\/h6>\r\n\r\n<p>Las farmacias cierran los fines de semana pero cada pueblo tiene una farmacias de guardia, vea los listados colgados en las puertas<\/p>\r\n\r\n<strong>\u00a0<\/strong>\r\n\r\n<h6><strong>Gas<\/strong><\/h6>\r\n\r\n<p>Todo el gas de cocina utilizado en Menorca es de Repsol. Camiones reparten en bombonas naranjas o se pueden cambiar directamente en el almac\u00e9n de butano de Repsol que se encuentra a la salida de Ma\u00f3, \u00a0en la carretera general de Ma\u00f3 a Ciutadella.<\/p>\r\n\r\n<strong>\u00a0<\/strong>\r\n\r\n<h6><strong>Iglesia<\/strong><\/h6>\r\n\r\n<p>Hay iglesias cat\u00f3licas en cada pueblo, gran cantidad en Ma\u00f3 i Ciutadella.<\/p>\r\n\r\n<p>La catedral se encuentra en Ciutadella. Santa Maria, en Ma\u00f3, \u00e9s la iglesia parroquial.<\/p>\r\n\r\n<strong>\u00a0<\/strong>\r\n\r\n<h6><strong>Mercados<\/strong><\/h6>\r\n\r\n<p>Ma\u00f3 tiene un mercado diario de fruta, carne y pescado en el centro de la ciudad. El mercado de pescado los s\u00e1bado para comer ofrece comidas locales preparadas y cocinadas, que se pueden disfrutar con un bebida i m\u00fasica en directo al aire libre.<\/p>\r\n\r\n<p>El mercado eventual de ropa i artesan\u00eda \u00e9s en la plaza Explanada de Ma\u00f3 los martes i s\u00e1bados<\/p>\r\n\r\n<\/div>\r\n<div class=\"one-half\">\r\n<strong>\u00a0<\/strong>\r\n\r\n<h6><strong>Oficina d&#8217;informaci\u00f3 tur\u00edstica<\/strong><\/h6>\r\n\r\n<p>Oficina Informaci\u00f3n Tur\u00edstica y Conseller\u00eda de Turismo, Ma\u00f3, Pla\u00e7a de la Constituci\u00f3 22 (cerca del Ayuntamiento) tel\u00a0<a href=\"tel:971%2036 37 90\">971 36 37 90<\/a><\/p>\r\n\r\n<p>Port de Ma\u00f3 \u2013 Moll de Llevant, 2, tel<a href=\"tel:%20971 35 59 52\">\u00a0971 35 59 52<\/a><\/p>\r\n\r\n<p>Llegadas al Aeropuerto,\u00a0tel\u00a0<a href=\"tel:971%2015 71 15\">971 15 71 15<\/a><\/p>\r\n\r\n<strong>\u00a0<\/strong>\r\n\r\n<h6><strong>Servicios M\u00e9dicos<\/strong><\/h6>\r\n\r\n<p>Ambulancies de emergencias\u00a0tel\u00a0<a href=\"tel:061\">061<\/a><\/p>\r\n\r\n<p>Ma\u00f3, hospital Mateu Orfila tel\u00a0<a href=\"tel:971%2048 70 00\">971 48 70 00<\/a><\/p>\r\n\r\n<p>Ma\u00f3, cl\u00ednica privada\u00a0Pol\u00edclinica Virgen de Gracia, Avda. Vives Llull, 6, tel<a href=\"tel:%20971 35 11 15\">\u00a0971 35 11 15<\/a><\/p>\r\n\r\n<p>Ma\u00f3, Cruz Roja,\u00a0Avda J A Clave, 162, tel\u00a0<a href=\"tel:971%2036 11 80\">971 36 11 80<\/a><\/p>\r\n\r\n<strong>\u00a0<\/strong>\r\n\r\n<h6><strong>Policia<\/strong><\/h6>\r\n\r\n<p>Ma\u00f3, Emergencias locales, tel\u00a0<a href=\"tel:092\">092<\/a>\u00a0or\u00a0<a href=\"tel:971%2036 39 61\">971 36 39 61<\/a><\/p>\r\n\r\n<p>Guardia Civil, Emerg\u00e8ncies,tel\u00a0<a href=\"tel:062\">062<\/a>\u00a0or\u00a0<a href=\"tel:971%2036 32 97\">971 36 32 97<\/a><\/p>\r\n\r\n<strong>\u00a0<\/strong>\r\n\r\n<h6><strong>Recogida de Basuras<\/strong><\/h6>\r\n\r\n<p>El ayuntamiento ofrece el servicio gratu\u00efto de regogida de basura y restos de jardiner\u00eda en su domicilio.<\/p>\r\n\r\n<p>LLamen a este n\u00famero para solicitar la recogida:\u00a0<a href=\"tel:971361963\">971 36 19 63<\/a><\/p>\r\n\r\n<strong>\u00a0<\/strong>\r\n\r\n<h6><strong>Taxis<\/strong><\/h6>\r\n\r\n<p>Radio taxi, tel\u00a0<a href=\"tel:971%2036 71 11\">971 36 71 11<\/a><\/p>\r\n\r\n<strong>\u00a0<\/strong>\r\n\r\n<h6><strong>Tiendas<\/strong><\/h6>\r\n\r\n<p>Normalmente abierto de 9.00 a 13.30h y de 16.30\/17.00 a 20.30h<\/p>\r\n\r\n<p>Supermercados abiertos de lunes a s\u00e1bados de 9.00 a 21.00h, la mayoria de grandes supermercados abren tambi\u00e9n los domingos por la ma\u00f1ana.<\/p>\r\n\r\n<strong>\u00a0<\/strong>\r\n\r\n<h6><strong>Enlaces de inter\u00e9s<\/strong><\/h6>\r\n\r\n<p><a title=\"menorca.es\" href=\"http:\/menorca.es\" target=\"_blank\">Web oficial de Turismo de Menorca<\/a><\/p>\r\n<\/div>","protected":false},"excerpt":{"rendered":"<p>\u00a0 Bancos Abiertos de lunes a viernes, 8.15 a 14.00h \u00a0 Consulados Gran Breta\u00f1a e Irlarda del Norte,\u00a0tel\u00a0902 109 356 Menorca hon. Consulado.- \u00a0Cam\u00ed Biniatap 30, Horizonte-Son Vilar, tel\u00a0902 109 356 Alemania\u00a0&#8211; Carrer Sant Andreu, Ma\u00f3, tel\u00a0971 36 16 68 La mayor\u00eda de las otras naciones tienen sus consulados en Palma o Barcelona \u00a0 Correos<a href=\"https:\/\/www.calallongamenorca.com\/es\/informacion-de-la-isla\/\" rel=\"nofollow\">  [+]<\/a><\/p>\n","protected":false},"author":1,"featured_media":0,"parent":0,"menu_order":0,"comment_status":"closed","ping_status":"closed","template":"","meta":{"_genesis_hide_title":false,"_genesis_hide_breadcrumbs":false,"_genesis_hide_singular_image":false,"_genesis_hide_footer_widgets":false,"_genesis_custom_body_class":"","_genesis_custom_post_class":"","_genesis_layout":"full-width-content"},"_links":{"self":[{"href":"https:\/\/www.calallongamenorca.com\/es\/wp-json\/wp\/v2\/pages\/401"}],"collection":[{"href":"https:\/\/www.calallongamenorca.com\/es\/wp-json\/wp\/v2\/pages"}],"about":[{"href":"https:\/\/www.calallongamenorca.com\/es\/wp-json\/wp\/v2\/types\/page"}],"author":[{"embeddable":true,"href":"https:\/\/www.calallongamenorca.com\/es\/wp-json\/wp\/v2\/users\/1"}],"replies":[{"embeddable":true,"href":"https:\/\/www.calallongamenorca.com\/es\/wp-json\/wp\/v2\/comments?post=401"}],"version-history":[{"count":3,"href":"https:\/\/www.calallongamenorca.com\/es\/wp-json\/wp\/v2\/pages\/401\/revisions"}],"predecessor-version":[{"id":1127,"href":"https:\/\/www.calallongamenorca.com\/es\/wp-json\/wp\/v2\/pages\/401\/revisions\/1127"}],"wp:attachment":[{"href":"https:\/\/www.calallongamenorca.com\/es\/wp-json\/wp\/v2\/media?parent=401"}],"curies":[{"name":"wp","href":"https:\/\/api.w.org\/{rel}","templated":true}]}}