{"id":413,"date":"2015-04-06T13:05:20","date_gmt":"2015-04-06T11:05:20","guid":{"rendered":"\/?page_id=413"},"modified":"2025-12-12T07:24:19","modified_gmt":"2025-12-12T06:24:19","slug":"quienes-somos","status":"publish","type":"page","link":"https:\/\/www.calallongamenorca.com\/es\/quienes-somos\/","title":{"rendered":"Qui\u00e9nes somos?"},"content":{"rendered":"\t\t<div data-elementor-type=\"wp-page\" data-elementor-id=\"413\" class=\"elementor elementor-413 elementor-2\" data-elementor-settings=\"[]\">\n\t\t\t\t\t\t\t<div class=\"elementor-section-wrap\">\n\t\t\t\t\t\t\t<section class=\"elementor-section elementor-top-section elementor-element elementor-element-4d688ff2 elementor-section-boxed elementor-section-height-default elementor-section-height-default\" data-id=\"4d688ff2\" data-element_type=\"section\">\n\t\t\t\t\t\t<div class=\"elementor-container elementor-column-gap-default\">\n\t\t\t\t\t<div class=\"elementor-column elementor-col-100 elementor-top-column elementor-element elementor-element-16d0593\" data-id=\"16d0593\" data-element_type=\"column\">\n\t\t\t<div class=\"elementor-widget-wrap elementor-element-populated\">\n\t\t\t\t\t\t\t\t<div class=\"elementor-element elementor-element-3b3c9a4c elementor-widget elementor-widget-text-editor\" data-id=\"3b3c9a4c\" data-element_type=\"widget\" data-widget_type=\"text-editor.default\">\n\t\t\t\t<div class=\"elementor-widget-container\">\n\t\t\t\t\t\t\t\t<div class=\"one-half\">\n<p><img loading=\"lazy\" class=\"size-full wp-image-677 aligncenter\" src=\"\/wp-content\/uploads\/2015\/04\/cala-llonga-menorca-views-01.jpg\" alt=\"Cala Llonga - Mah\u00f3n Menorca\" width=\"1000\" height=\"650\" srcset=\"https:\/\/www.calallongamenorca.com\/wp-content\/uploads\/2015\/04\/cala-llonga-menorca-views-01.jpg 1000w, https:\/\/www.calallongamenorca.com\/wp-content\/uploads\/2015\/04\/cala-llonga-menorca-views-01-768x499.jpg 768w\" sizes=\"(max-width: 1000px) 100vw, 1000px\" \/><\/p>\n<p style=\"text-align: center;\">Cala Llonga &#8211; Mah\u00f3n Menorca<\/p>\n<h6>\u00bfQUIENES SOMOS?<\/h6>\n<p><strong>Asociaci\u00f3n de Propietarios de Cala Llonga&nbsp;<\/strong>El magn\u00edfico aspecto actual de Cala Llonga, situada en el Puerto de Mah\u00f3n, Menorca, se debe a dos elementos muy importantes: el esfuerzo continuado de la Junta de Gobierno de la ya extinta Entidad Urban\u00edstica, y la colaboraci\u00f3n de los propios vecinos que pagan sus cuotas anualmente. Las obras de mejora comenzaron en 2001 y a d\u00eda de hoy los vecinos pueden enorgullecerse de su urbanizaci\u00f3n. Todos los fondos que se han venido recaudando se han destinado al mantenimiento y mejoras en general: jardiner\u00eda de todas las \u00e1reas comunes, asfaltado de calles, construcci\u00f3n de muretes para las zonas de contenedores, reparaci\u00f3n de imbornales, colocaci\u00f3n de vallas de protecci\u00f3n en puntos peligrosos, etc.<\/p>\n<p>En septiembre 2009 se recepcion\u00f3 oficialmente la urbanizaci\u00f3n, pasando as\u00ed a depender del Ayuntamiento de Ma\u00f3. Sin embargo, por iniciativa del propio ayuntamiento, la Junta de la antigua Entidad -ahora ya reconvertida en Asociaci\u00f3n de Propietarios- seguir\u00e1 al frente de las tareas de mantenimiento general (jardiner\u00eda, limpieza, reparaciones puntuales en calles y aceras, etc.), a cambio, como es l\u00f3gico, de una subvenci\u00f3n anual. Por su parte el Ayuntamiento ha asumido el mantenimiento del alumbrado p\u00fablico, la factura del agua para el riego y, por supuesto, todas las obras mayores de mantenimiento tales como el asfaltado.<\/p>\n<h6><strong>D\u00f3nde estamos?<\/strong><\/h6>\n<p>Cala Llonga es la urbanizaci\u00f3n m\u00e1s prestigiosa de Mah\u00f3n. Situada en la Ribera Norte del Puerto, ocupa una gran superficie que alberga unas 360 viviendas entre sus 540 parcelas. Los propietarios de Cala Llonga constituyen una saludable mezcla de nacionalidades y cada a\u00f1o son m\u00e1s los que trasladan aqu\u00ed su residencia permanente. Cala Llonga disfruta de unas espl\u00e9ndidas vistas y su orientaci\u00f3n suroeste le garantiza el sol durante todo el d\u00eda.<\/p>\n<p>Est\u00e1 a tan s\u00f3lo 5-7 minutos en coche del centro de Mah\u00f3n, y al mismo tiempo muy cerca de las playas de Es Grau y Cala Mesquida. Hay varios pantalanes distribuidos a lo largo de su costa, lo que permite a los propietarios de embarcaciones disfrutar de un amarre excepcionalmente seguro y un f\u00e1cil acceso a la bocana del puerto.<\/p>\n<\/div>\n<div class=\"one-half margeesquerra\">\n<h6><strong>Miembros del Comit\u00e9<\/strong><\/h6>\n<p><strong>La Junta de Gobierno<\/strong><\/p>\n<p>Miembros de la Junta y sus cargos y funciones:<\/p>\n<ul>\n<li><strong>Andy Truelove<\/strong> Presidente y Redes Sociales<\/li>\n<li><strong>Juan Reyn\u00e9s<\/strong> Vicepresidente, enlace de Ayuntamiento y mantenimiento<\/li>\n<li><strong>Hannu Engelman&nbsp;<\/strong> Tesorero<\/li>\n<li><b>Lyndon West<\/b> Enlace de Ayuntamiento, mantenimiento y patrocinadores<\/li>\n<li><strong><span class=\"il\">Tonia&nbsp; Kirk E<\/span><\/strong>nlace de Ayuntamiento&nbsp;<\/li>\n<li><b>Justin Underwood<\/b>&nbsp;Secretar\u00eda social<\/li>\n<li><b>Paul Dean <\/b>Nuevos socios<\/li>\n<li><strong>Liz Parr <\/strong>Editorial<\/li>\n<li><b>Peter Schlumpf<\/b> Control de plagas<\/li>\n<\/ul>\n<\/div>\n<div class=\"one-half margeesquerra\">\n<h6><strong>Contacto<\/strong><\/h6>\n<p>Para contactar con cualquiera de los miembros de la Junta, env\u00eden un mensaje o llamen directamente a la Secretaria de la Asociaci\u00f3n:<\/p>\n<p><strong>Cristina G\u00f3mez-Cambronero<\/strong><br><a href=\"tel:%200034626360764\">&nbsp;+34 626 360764<\/a><br><a href=\"mailto:gomez@vdhgroup.com\">gomez@vdhgroup.com<\/a><\/p>\n<\/div>\t\t\t\t\t\t<\/div>\n\t\t\t\t<\/div>\n\t\t\t\t\t<\/div>\n\t\t<\/div>\n\t\t\t\t\t\t\t<\/div>\n\t\t<\/section>\n\t\t\t\t\t\t<\/div>\n\t\t\t\t\t<\/div>\n\t\t","protected":false},"excerpt":{"rendered":"<p>Cala Llonga &#8211; Mah\u00f3n Menorca \u00bfQUIENES SOMOS? Asociaci\u00f3n de Propietarios de Cala Llonga&nbsp;El magn\u00edfico aspecto actual de Cala Llonga, situada en el Puerto de Mah\u00f3n, Menorca, se debe a dos elementos muy importantes: el esfuerzo continuado de la Junta de Gobierno de la ya extinta Entidad Urban\u00edstica, y la colaboraci\u00f3n de los propios vecinos que<a href=\"https:\/\/www.calallongamenorca.com\/es\/quienes-somos\/\" rel=\"nofollow\">  [+]<\/a><\/p>\n","protected":false},"author":1,"featured_media":1693,"parent":0,"menu_order":0,"comment_status":"open","ping_status":"open","template":"","meta":{"_genesis_hide_title":false,"_genesis_hide_breadcrumbs":false,"_genesis_hide_singular_image":false,"_genesis_hide_footer_widgets":false,"_genesis_custom_body_class":"","_genesis_custom_post_class":"whoarewe","_genesis_layout":"full-width-content"},"_links":{"self":[{"href":"https:\/\/www.calallongamenorca.com\/es\/wp-json\/wp\/v2\/pages\/413"}],"collection":[{"href":"https:\/\/www.calallongamenorca.com\/es\/wp-json\/wp\/v2\/pages"}],"about":[{"href":"https:\/\/www.calallongamenorca.com\/es\/wp-json\/wp\/v2\/types\/page"}],"author":[{"embeddable":true,"href":"https:\/\/www.calallongamenorca.com\/es\/wp-json\/wp\/v2\/users\/1"}],"replies":[{"embeddable":true,"href":"https:\/\/www.calallongamenorca.com\/es\/wp-json\/wp\/v2\/comments?post=413"}],"version-history":[{"count":41,"href":"https:\/\/www.calallongamenorca.com\/es\/wp-json\/wp\/v2\/pages\/413\/revisions"}],"predecessor-version":[{"id":2505,"href":"https:\/\/www.calallongamenorca.com\/es\/wp-json\/wp\/v2\/pages\/413\/revisions\/2505"}],"wp:featuredmedia":[{"embeddable":true,"href":"https:\/\/www.calallongamenorca.com\/es\/wp-json\/wp\/v2\/media\/1693"}],"wp:attachment":[{"href":"https:\/\/www.calallongamenorca.com\/es\/wp-json\/wp\/v2\/media?parent=413"}],"curies":[{"name":"wp","href":"https:\/\/api.w.org\/{rel}","templated":true}]}}