{"id":415,"date":"2015-05-17T19:16:42","date_gmt":"2015-05-17T17:16:42","guid":{"rendered":"\/?page_id=415"},"modified":"2022-05-19T09:37:23","modified_gmt":"2022-05-19T07:37:23","slug":"plata","status":"publish","type":"page","link":"https:\/\/www.calallongamenorca.com\/es\/descuentos\/plata\/","title":{"rendered":"Patrocinadores Plata"},"content":{"rendered":"\t\t<div data-elementor-type=\"wp-page\" data-elementor-id=\"415\" class=\"elementor elementor-415 elementor-83\" data-elementor-settings=\"[]\">\n\t\t\t\t\t\t\t<div class=\"elementor-section-wrap\">\n\t\t\t\t\t\t\t<section class=\"elementor-section elementor-top-section elementor-element elementor-element-26e53e04 elementor-section-boxed elementor-section-height-default elementor-section-height-default\" data-id=\"26e53e04\" data-element_type=\"section\">\n\t\t\t\t\t\t<div class=\"elementor-container elementor-column-gap-default\">\n\t\t\t\t\t<div class=\"elementor-column elementor-col-100 elementor-top-column elementor-element elementor-element-19cf66f1\" data-id=\"19cf66f1\" data-element_type=\"column\">\n\t\t\t<div class=\"elementor-widget-wrap elementor-element-populated\">\n\t\t\t\t\t\t\t\t<div class=\"elementor-element elementor-element-8a688d5 elementor-widget elementor-widget-heading\" data-id=\"8a688d5\" data-element_type=\"widget\" data-widget_type=\"heading.default\">\n\t\t\t\t<div class=\"elementor-widget-container\">\n\t\t\t<h2 class=\"elementor-heading-title elementor-size-default\"><div class=\"content custom\">\n        \n        <div class=\"one-fifth box-shadow\">\n            <a href=\"\/\/calallongamenorca.com\/discounts\/oro\">\n                <a href=\"\/\/calallongamenorca.com\/discounts\/oro\"><h5 class=\"center\" style=\"padding-top: 5px\">Oro<\/h5><\/a>\n            <\/a>\n        <\/div>\n        <div class=\"one-fifth box-shadow\" >\n            <a href=\"\/\/calallongamenorca.com\/discounts\/plata\">\n                <a href=\"\/\/calallongamenorca.com\/discounts\/plata\"><h5 class=\"center\" style=\"color: blue;  padding-top: 5px\">Plata<\/h5><\/a>\n            <\/a>\n        <\/div>\n        <div class=\"one-fifth box-shadow\">\n            <a href=\"\/\/calallongamenorca.com\/discounts\/bronce\">\n                <a href=\"\/\/calallongamenorca.com\/discounts\/bronce\"><h5 class=\"center\" style=\"padding-top: 5px\">Bronce<\/h5><\/a>\n            <\/a>\n        <\/div>\n    <\/div><\/h2>\t\t<\/div>\n\t\t\t\t<\/div>\n\t\t\t\t<div class=\"elementor-element elementor-element-73d93fb elementor-widget elementor-widget-text-editor\" data-id=\"73d93fb\" data-element_type=\"widget\" data-widget_type=\"text-editor.default\">\n\t\t\t\t<div class=\"elementor-widget-container\">\n\t\t\t\t\t\t\t\t<div class=\"custom one-half\">\n<div class=\"five-sixths quadre main-sponsor\" style=\"height: 700px;\">\n<div class=\"content\">\n<div class=\"center\">\n<div><img src=\"\/wp-content\/uploads\/2021\/06\/tarjeta2-e1623407751419.jpg\"><\/div>\n<p>Proveedor de servicios de telecomunicaciones &gt;&gt;&gt; PROVEEDOR DE INTERNET Y WIFI<br>\nCarrer de Font i Vidal, 13, 07703 Mah\u00f3n<br>\n<strong><a href=\"tel:971353881\">971 35 38 81<\/a><\/strong><br>\n<a href=\"https:\/\/www.menorcainternet.com\" target=\"_blank\" rel=\"noopener\">www.menorcainternet.com<\/a><br>\n<a href=\"https:\/\/es-la.facebook.com\/pg\/InfotelecomNetworksSL\/posts\/\" target=\"_blank\" rel=\"noopener\"><i class=\"fab fa-facebook\"><\/i> Facebook<\/a><a href=\"https:\/\/www.instagram.com\/infotelecom\/?hl=es\" target=\"_blank\" rel=\"noopener\">Instagram<\/a><\/p>\n<div class=\"center one-whole custom\"><img class=\"three-fourths\" src=\"\/wp-content\/uploads\/2021\/05\/2021-05-27-12_57_41-infotelecom-mahon-Buscar-con-Google.png\"><\/div>\n<\/div>\n<\/div>\n<\/div>\n<\/div>\n<div class=\"custom one-half\">\n<div class=\"five-sixths quadre \" style=\"height: 700px;\">\n<div class=\"content\">\n<div class=\"center\">\n<div><img src=\"\/wp-content\/uploads\/2021\/05\/Son-Parc-Golf-logo-e1622191954859.png\"><\/div>\n<p>Campo de calidad para celebrar campeonatos<br>\nUrbanizaci\u00f3n Son Parc, s\/n, 07740 Mercadal<br>\n<strong><a href=\"tel:971188875\">971 18 88 75<\/a><\/strong><br>\n<a href=\"mailto:info@menorcagolf.es\">info@menorcagolf.es<\/a><br>\n<a href=\"mailto:info@golfsonparc.com\">info@golfsonparc.com<\/a><br>\n<a href=\"https:\/\/es-es.facebook.com\/golfsonparcmenorca\/\" target=\"_blank\" rel=\"noopener\"><i class=\"fab fa-facebook\"><\/i> Facebook<\/a><a href=\"https:\/\/www.instagram.com\/golfsonparcmenorca\/\" target=\"_blank\" rel=\"noopener\">Instagram<\/a><\/p>\n<p>TARIFAS GREEN:<\/p>\n<ul>\n<li style=\"list-style-type: none;\">15% Descuento en Tarifas Green 9 \u00f3 18 agujeros<\/li>\n<li style=\"list-style-type: none;\">El miembro debe ense\u00f1ar la tarjeta<br>\nM\u00e1ximo 3 invitados.<\/li>\n<\/ul>\n<p><strong>S\u00f3lo se aplica el descuento en la tarifa general y no a otras ofertas.<\/strong><\/p>\n<p>ALQUILER BUGGY:<\/p>\n<p><strong>15% Descuento en Alquiler de Buggy&nbsp;9 o 18 agujeros<\/strong><\/p>\n<p>Ambas ofertas est\u00e1n disponibles hasta el 31\/12\/2019.<\/p>\n<p><!--<\/p>\n<div class=\"center one-whole custom\"><img class=\"three-fourths\" src=\"\/wp-content\/uploads\/2021\/05\/2021-05-28-10_57_51-Window.png\" \/><\/div>\n<p>--><\/p>\n<\/div>\n<\/div>\n<\/div>\n<\/div>\n<div class=\"custom one-half\">\n<div class=\"five-sixths quadre \" style=\"height: 700px;\">\n<div class=\"content\">\n<div class=\"center\">\n<div><img src=\"\/wp-content\/uploads\/2021\/05\/Menorcasa-logo-e1622192765919.png\"><\/div>\n<p>Inmobiliaria<br>\nPla\u00e7a del Pr\u00edncep, 4, 07701 Mah\u00f3n<br>\n<strong><a href=\"tel:971355789\">971 35 57 89<\/a><\/strong><br>\n<a href=\"mailto:info@menorcasa.com\">info@menorcasa.com<\/a><br>\n<a href=\"https:\/\/www.menorcasa.com\/\" target=\"_blank\" rel=\"noopener\">www.menorcasa.com<\/a><br>\n<a href=\"https:\/\/es-es.facebook.com\/MenorcasaProperties\/\" target=\"_blank\" rel=\"noopener\"><i class=\"fab fa-facebook\"><\/i> Facebook<\/a><\/p>\n<div class=\"center one-whole custom\"><img class=\"three-fourths\" src=\"\/wp-content\/uploads\/2021\/05\/menorcasa_casa_venta_PLAYAS_FORNELLS_menorca-34.jpg\"><\/div>\n<\/div>\n<\/div>\n<\/div>\n<\/div>\n<div class=\"custom one-half\">\n<div class=\"five-sixths quadre\" style=\"height: 700px;\">\n<div class=\"content\">\n<div class=\"center\">\n<div><img src=\"\/wp-content\/uploads\/2021\/05\/Valcarcel-logo.png\"><\/div>\n<p>Compa\u00f1\u00eda de construcci\u00f3n<br>\nCalle Escorpio (urb. son Remei), 8, Sant Lluis<br>\n<strong><a href=\"tel:971159291\">971 15 92 91<\/a><\/strong><br>\n<a href=\"mailto:valcarcelmendez@hotmail.com\">valcarcelmendez@hotmail.com<\/a><br>\n<strong>10% Descuento<\/strong><\/p>\n<p><!--<\/p>\n<div class=\"center one-whole custom\"><img class=\"three-fourths\" src=\"\/wp-content\/uploads\/2021\/05\/proxim.png\" \/><\/div>\n<p>--><\/p>\n<\/div>\n<\/div>\n<\/div>\n<\/div>\n<div class=\"custom one-half\">\n<div class=\"five-sixths quadre \" style=\"height: 700px;\">\n<div class=\"content\">\n<div class=\"center\">\n<div><img src=\"\/wp-content\/uploads\/2022\/05\/botil-blua-master.png\"><\/div>\n<p>&nbsp;<\/p>\n<p><span style=\"font-family: var( --e-global-typography-text-font-family ), Sans-serif; font-weight: var( --e-global-typography-text-font-weight );\">Importaci\u00f3n de vinos franceses en Menorca<\/span><\/p>\n<p>Carrer de Sant Esteve, 7, Sant Llu\u00eds<br>\n<strong><a href=\"tel:696731510\">696 731 510<\/a><\/strong><br>\n<a href=\"https:\/\/m.facebook.com\/botilblaumenorca\/\" target=\"_blank\" rel=\"noopener\"><i class=\"fab fa-facebook\"><\/i> Facebook<\/a><a href=\"https:\/\/www.instagram.com\/botil_blau_menorca\/?hl=es\" target=\"_blank\" rel=\"noopener\">Instagram<\/a><\/p>\n<p><!--<\/p>\n<div class=\"center one-whole custom\"><img class=\"three-fourths\" src=\"\/wp-content\/uploads\/2021\/05\/2021-05-27-13_07_36-mehoca-Buscar-con-Google.png\"><\/div>\n<p>--><\/p>\n<\/div>\n<\/div>\n<\/div>\n<\/div>\n<div class=\"one-whole\">\n<p>Informaci\u00f3n detallada en la p\u00e1gina <a title=\"Members\u2019 Discounts\" href=\"\/\/www.calallongamenorca.com\/es\/?page_id=61\">Descuentos Socios<\/a><\/p>\n<p>Descargue el <a title=\"Membership Application Form\" href=\"\/wp-content\/uploads\/2019\/05\/Cala-Llong-Memb-form-English.pdf\" target=\"_blank\" rel=\"noopener\">Formulario de inscripci\u00f3n<\/a><\/p>\n<\/div>\t\t\t\t\t\t<\/div>\n\t\t\t\t<\/div>\n\t\t\t\t\t<\/div>\n\t\t<\/div>\n\t\t\t\t\t\t\t<\/div>\n\t\t<\/section>\n\t\t\t\t\t\t<\/div>\n\t\t\t\t\t<\/div>\n\t\t","protected":false},"excerpt":{"rendered":"<p>Oro Plata Bronce Proveedor de servicios de telecomunicaciones &gt;&gt;&gt; PROVEEDOR DE INTERNET Y WIFI Carrer de Font i Vidal, 13, 07703 Mah\u00f3n 971 35 38 81 www.menorcainternet.com FacebookInstagram Campo de calidad para celebrar campeonatos Urbanizaci\u00f3n Son Parc, s\/n, 07740 Mercadal 971 18 88 75 info@menorcagolf.es info@golfsonparc.com FacebookInstagram TARIFAS GREEN: 15% Descuento en Tarifas Green 9<a href=\"https:\/\/www.calallongamenorca.com\/es\/descuentos\/plata\/\" rel=\"nofollow\">  [+]<\/a><\/p>\n","protected":false},"author":1,"featured_media":0,"parent":403,"menu_order":0,"comment_status":"closed","ping_status":"closed","template":"","meta":{"_genesis_hide_title":false,"_genesis_hide_breadcrumbs":false,"_genesis_hide_singular_image":false,"_genesis_hide_footer_widgets":false,"_genesis_custom_body_class":"","_genesis_custom_post_class":"","_genesis_layout":"full-width-content"},"_links":{"self":[{"href":"https:\/\/www.calallongamenorca.com\/es\/wp-json\/wp\/v2\/pages\/415"}],"collection":[{"href":"https:\/\/www.calallongamenorca.com\/es\/wp-json\/wp\/v2\/pages"}],"about":[{"href":"https:\/\/www.calallongamenorca.com\/es\/wp-json\/wp\/v2\/types\/page"}],"author":[{"embeddable":true,"href":"https:\/\/www.calallongamenorca.com\/es\/wp-json\/wp\/v2\/users\/1"}],"replies":[{"embeddable":true,"href":"https:\/\/www.calallongamenorca.com\/es\/wp-json\/wp\/v2\/comments?post=415"}],"version-history":[{"count":39,"href":"https:\/\/www.calallongamenorca.com\/es\/wp-json\/wp\/v2\/pages\/415\/revisions"}],"predecessor-version":[{"id":1979,"href":"https:\/\/www.calallongamenorca.com\/es\/wp-json\/wp\/v2\/pages\/415\/revisions\/1979"}],"up":[{"embeddable":true,"href":"https:\/\/www.calallongamenorca.com\/es\/wp-json\/wp\/v2\/pages\/403"}],"wp:attachment":[{"href":"https:\/\/www.calallongamenorca.com\/es\/wp-json\/wp\/v2\/media?parent=415"}],"curies":[{"name":"wp","href":"https:\/\/api.w.org\/{rel}","templated":true}]}}